{"id":3266,"date":"2023-03-13T09:53:52","date_gmt":"2023-03-13T08:53:52","guid":{"rendered":"https:\/\/www.proform-france.com\/compania\/localizacion\/"},"modified":"2024-02-29T15:30:19","modified_gmt":"2024-02-29T14:30:19","slug":"localizacion","status":"publish","type":"page","link":"https:\/\/www.proform-france.com\/es\/compania\/localizacion\/","title":{"rendered":"Localizaci\u00f3n"},"content":{"rendered":"\t\t<div data-elementor-type=\"wp-page\" data-elementor-id=\"3266\" class=\"elementor elementor-3266 elementor-549\" data-elementor-post-type=\"page\">\n\t\t\t\t\t\t\t\t\t<section class=\"elementor-section elementor-top-section elementor-element elementor-element-3fcd3a5 elementor-section-boxed elementor-section-height-default elementor-section-height-default\" data-id=\"3fcd3a5\" data-element_type=\"section\">\n\t\t\t\t\t\t<div class=\"elementor-container elementor-column-gap-default\">\n\t\t\t\t\t<div class=\"elementor-column elementor-col-100 elementor-top-column elementor-element elementor-element-d6f0ad3\" data-id=\"d6f0ad3\" data-element_type=\"column\">\n\t\t\t<div class=\"elementor-widget-wrap elementor-element-populated\">\n\t\t\t\t\t\t\t\t<div class=\"elementor-element elementor-element-423ffb5 elementor-widget elementor-widget-heading\" data-id=\"423ffb5\" data-element_type=\"widget\" data-widget_type=\"heading.default\">\n\t\t\t\t<div class=\"elementor-widget-container\">\n\t\t\t<style>\/*! elementor - v3.15.0 - 31-07-2023 *\/\n.elementor-heading-title{padding:0;margin:0;line-height:1}.elementor-widget-heading .elementor-heading-title[class*=elementor-size-]>a{color:inherit;font-size:inherit;line-height:inherit}.elementor-widget-heading .elementor-heading-title.elementor-size-small{font-size:15px}.elementor-widget-heading .elementor-heading-title.elementor-size-medium{font-size:19px}.elementor-widget-heading .elementor-heading-title.elementor-size-large{font-size:29px}.elementor-widget-heading .elementor-heading-title.elementor-size-xl{font-size:39px}.elementor-widget-heading .elementor-heading-title.elementor-size-xxl{font-size:59px}<\/style><h1 class=\"elementor-heading-title elementor-size-default\">LOCALIZACION<\/h1>\t\t<\/div>\n\t\t\t\t<\/div>\n\t\t\t\t<div class=\"elementor-element elementor-element-f4e75cc elementor-widget elementor-widget-breadcrumbs\" data-id=\"f4e75cc\" data-element_type=\"widget\" data-widget_type=\"breadcrumbs.default\">\n\t\t\t\t<div class=\"elementor-widget-container\">\n\t\t\t<link rel=\"stylesheet\" href=\"https:\/\/www.proform-france.com\/wp-content\/plugins\/elementor-pro\/assets\/css\/widget-theme-elements.min.css\"><p id=\"breadcrumbs\"><span><span><a href=\"https:\/\/www.proform-france.com\/es\/pagina-web\/\">Accueil<\/a><\/span><\/span><\/p>\t\t<\/div>\n\t\t\t\t<\/div>\n\t\t\t\t\t<\/div>\n\t\t<\/div>\n\t\t\t\t\t\t\t<\/div>\n\t\t<\/section>\n\t\t\t\t<section class=\"elementor-section elementor-top-section elementor-element elementor-element-95d58a3 elementor-section-boxed elementor-section-height-default elementor-section-height-default\" data-id=\"95d58a3\" data-element_type=\"section\">\n\t\t\t\t\t\t<div class=\"elementor-container elementor-column-gap-default\">\n\t\t\t\t\t<div class=\"elementor-column elementor-col-100 elementor-top-column elementor-element elementor-element-7812814\" data-id=\"7812814\" data-element_type=\"column\">\n\t\t\t<div class=\"elementor-widget-wrap elementor-element-populated\">\n\t\t\t\t\t\t\t\t<section class=\"elementor-section elementor-inner-section elementor-element elementor-element-dc7aa46 elementor-section-boxed elementor-section-height-default elementor-section-height-default\" data-id=\"dc7aa46\" data-element_type=\"section\">\n\t\t\t\t\t\t<div class=\"elementor-container elementor-column-gap-default\">\n\t\t\t\t\t<div class=\"elementor-column elementor-col-50 elementor-inner-column elementor-element elementor-element-c86cc85\" data-id=\"c86cc85\" data-element_type=\"column\">\n\t\t\t<div class=\"elementor-widget-wrap elementor-element-populated\">\n\t\t\t\t\t\t\t\t<div class=\"elementor-element elementor-element-66a2fb2 elementor-widget elementor-widget-text-editor\" data-id=\"66a2fb2\" data-element_type=\"widget\" data-widget_type=\"text-editor.default\">\n\t\t\t\t<div class=\"elementor-widget-container\">\n\t\t\t<style>\/*! elementor - v3.15.0 - 31-07-2023 *\/\n.elementor-widget-text-editor.elementor-drop-cap-view-stacked .elementor-drop-cap{background-color:#69727d;color:#fff}.elementor-widget-text-editor.elementor-drop-cap-view-framed .elementor-drop-cap{color:#69727d;border:3px solid;background-color:transparent}.elementor-widget-text-editor:not(.elementor-drop-cap-view-default) .elementor-drop-cap{margin-top:8px}.elementor-widget-text-editor:not(.elementor-drop-cap-view-default) .elementor-drop-cap-letter{width:1em;height:1em}.elementor-widget-text-editor .elementor-drop-cap{float:left;text-align:center;line-height:1;font-size:50px}.elementor-widget-text-editor .elementor-drop-cap-letter{display:inline-block}<\/style>\t\t\t\t<h2><strong>Por avi\u00f3n:<\/strong><\/h2>\n<p><strong>El aeropuerto de Estrasburgo <\/strong> Entzheim est\u00e1 a 3 minutos de nuestra oficina.<\/p>\n<p>Aeropuerto de Frankfurt en Alemania:<br \/>Se encuentra a 200 km de donde estamos nosotros: ustedes pueden tomar un tren desde la estaci\u00f3n de Offenburg, en Alemania, y despu\u00e9s tomar un taxi a nuestra oficina. (Se trata de un viaje de 35 minutos)<\/p>\n<h2><strong>Por tren:<\/strong><\/h2>\n<h3><strong>llegada desde Estrasburgo:<\/strong><\/h3>\n<p>Hay una estaci\u00f3n de tren en el aeropuerto de Entzheim, a 3 minutos de nuestra oficina; algunos de los trenes paran all\u00ed.<br \/>Muchos trenes de alta velocidad (TGV\u00ba llegan a la estaci\u00f3n de Estrasburgo; de all\u00ed es posible ya sea tomar un taxi o rentar un autom\u00f3vil).<\/p>\n<h3><strong>Llegando de Offenburg, Alemania:<\/strong><\/h3>\n<p>La estaci\u00f3n de tren de Offenburg es una alternativa para aquellos que llegan al aeropuerto de Frankfurt en Alemania. Desde all\u00ed es posible tomar un taxi (es un recorrido de 35 minutos) <\/p>\n\t\t\t\t\t\t<\/div>\n\t\t\t\t<\/div>\n\t\t\t\t\t<\/div>\n\t\t<\/div>\n\t\t\t\t<div class=\"elementor-column elementor-col-50 elementor-inner-column elementor-element elementor-element-ebbe83d\" data-id=\"ebbe83d\" data-element_type=\"column\">\n\t\t\t<div class=\"elementor-widget-wrap elementor-element-populated\">\n\t\t\t\t\t\t\t\t<div class=\"elementor-element elementor-element-5c86bfa elementor-widget elementor-widget-text-editor\" data-id=\"5c86bfa\" data-element_type=\"widget\" data-widget_type=\"text-editor.default\">\n\t\t\t\t<div class=\"elementor-widget-container\">\n\t\t\t\t\t\t\t<h2><strong>Por autom\u00f3vil:<\/strong><\/h2>\n<h3><strong>llegando desde Par\u00eds\/Lille (Norte):<\/strong><\/h3>\n<p>Tomar la Carretera (autoroute) A4 hacia Estrasburgo. Continuar sobre la A35. Tomar la salida n\u00famero 8 hacia Entzheim &amp; hacia el aeropuerto.<br>Girar hacia la derecha en la Carretera D400, todav\u00eda hacia Entzheim \/ el aeropuerto. Salir a la derecha, hacia la Carretera D221; usted pasar\u00e1 junto al aeropuerto.<br>Despu\u00e9s de entrar en el pueblo de Hangenbieten, tomar la primera salida a la derecha, que es el camino D93. Nuestra f\u00e1brica estar\u00e1 en el lado derecho, a la salida de Hangenbieten (es el \u00faltimo edificio).<\/p>\n<h3><strong>Llegando desde Mulhouse\/Basilea (Sur):<\/strong><\/h3>\n<p>Tomar la Carretera (autoroute) A35 hacia Estrasburgo. Tomar la salida n\u00famero 8 hacia Entzheim &amp; hacia el aeropuerto.<br>Girar hacia la izquierda en la Carretera D400, seguir todav\u00eda hacia Entzheim \/ el aeropuerto. Salir a la derecha, hacia la Carretera D221; usted pasar\u00e1 junto al aeropuerto.<br>Despu\u00e9s de entrar en el pueblo de Hangenbieten, tomar la primera salida a la derecha, que es el camino D93. Nuestra f\u00e1brica estar\u00e1 en el lado derecho, a la salida de Hangenbieten (es el \u00faltimo edificio).<\/p>\n<p><strong>PROFORM un fabricante accesible.<\/strong><\/p>\t\t\t\t\t\t<\/div>\n\t\t\t\t<\/div>\n\t\t\t\t\t<\/div>\n\t\t<\/div>\n\t\t\t\t\t\t\t<\/div>\n\t\t<\/section>\n\t\t\t\t\t<\/div>\n\t\t<\/div>\n\t\t\t\t\t\t\t<\/div>\n\t\t<\/section>\n\t\t\t\t<section class=\"elementor-section elementor-top-section elementor-element elementor-element-82bf237 elementor-section-boxed elementor-section-height-default elementor-section-height-default\" data-id=\"82bf237\" data-element_type=\"section\">\n\t\t\t\t\t\t<div class=\"elementor-container elementor-column-gap-default\">\n\t\t\t\t\t<div class=\"elementor-column elementor-col-100 elementor-top-column elementor-element elementor-element-4ff0367\" data-id=\"4ff0367\" data-element_type=\"column\">\n\t\t\t<div class=\"elementor-widget-wrap elementor-element-populated\">\n\t\t\t\t\t\t\t\t<div class=\"elementor-element elementor-element-c9a5718 elementor-widget elementor-widget-google_maps\" data-id=\"c9a5718\" data-element_type=\"widget\" data-widget_type=\"google_maps.default\">\n\t\t\t\t<div class=\"elementor-widget-container\">\n\t\t\t<style>\/*! elementor - v3.15.0 - 31-07-2023 *\/\n.elementor-widget-google_maps .elementor-widget-container{overflow:hidden}.elementor-widget-google_maps .elementor-custom-embed{line-height:0}.elementor-widget-google_maps iframe{height:300px}<\/style>\t\t<div class=\"elementor-custom-embed\">\n\t\t\t<iframe loading=\"lazy\"\n\t\t\t\t\tsrc=\"https:\/\/maps.google.com\/maps?q=PROFORM%20%20Route%20de%20Holtzheim%20%20F%2067980%20HANGENBIETEN%20&#038;t=m&#038;z=7&#038;output=embed&#038;iwloc=near\"\n\t\t\t\t\ttitle=\"PROFORM  Route de Holtzheim  F 67980 HANGENBIETEN \"\n\t\t\t\t\taria-label=\"PROFORM  Route de Holtzheim  F 67980 HANGENBIETEN \"\n\t\t\t><\/iframe>\n\t\t<\/div>\n\t\t\t\t<\/div>\n\t\t\t\t<\/div>\n\t\t\t\t\t<\/div>\n\t\t<\/div>\n\t\t\t\t\t\t\t<\/div>\n\t\t<\/section>\n\t\t\t\t\t\t\t<\/div>\n\t\t","protected":false},"excerpt":{"rendered":"<p>LOCALIZACION Por avi\u00f3n: El aeropuerto de Estrasburgo Entzheim est\u00e1 a 3 minutos de nuestra oficina. Aeropuerto de Frankfurt en Alemania:Se encuentra a 200 km de donde estamos nosotros: ustedes pueden tomar un tren desde la estaci\u00f3n de Offenburg, en Alemania, y despu\u00e9s tomar un taxi a nuestra oficina. (Se trata de un viaje de 35 [&hellip;]<\/p>\n","protected":false},"author":1,"featured_media":0,"parent":3177,"menu_order":0,"comment_status":"closed","ping_status":"closed","template":"","meta":{"inline_featured_image":false},"acf":[],"yoast_head":"<!-- This site is optimized with the Yoast SEO plugin v20.12 - https:\/\/yoast.com\/wordpress\/plugins\/seo\/ -->\n<title>Localizaci\u00f3n | Proform France<\/title>\n<meta name=\"robots\" content=\"index, follow, max-snippet:-1, max-image-preview:large, max-video-preview:-1\" \/>\n<link rel=\"canonical\" href=\"https:\/\/www.proform-france.com\/es\/compania\/localizacion\/\" \/>\n<meta property=\"og:locale\" content=\"es_ES\" \/>\n<meta property=\"og:type\" content=\"article\" \/>\n<meta property=\"og:title\" content=\"Localizaci\u00f3n | Proform France\" \/>\n<meta property=\"og:description\" content=\"LOCALIZACION Por avi\u00f3n: El aeropuerto de Estrasburgo Entzheim est\u00e1 a 3 minutos de nuestra oficina. Aeropuerto de Frankfurt en Alemania:Se encuentra a 200 km de donde estamos nosotros: ustedes pueden tomar un tren desde la estaci\u00f3n de Offenburg, en Alemania, y despu\u00e9s tomar un taxi a nuestra oficina. (Se trata de un viaje de 35 [&hellip;]\" \/>\n<meta property=\"og:url\" content=\"https:\/\/www.proform-france.com\/es\/compania\/localizacion\/\" \/>\n<meta property=\"og:site_name\" content=\"Proform France\" \/>\n<meta property=\"article:modified_time\" content=\"2024-02-29T14:30:19+00:00\" \/>\n<meta property=\"og:image\" content=\"https:\/\/www.proform-france.com\/wp-content\/uploads\/2023\/07\/Logo_PROFORM-2.png\" \/>\n\t<meta property=\"og:image:width\" content=\"4068\" \/>\n\t<meta property=\"og:image:height\" content=\"2000\" \/>\n\t<meta property=\"og:image:type\" content=\"image\/png\" \/>\n<meta name=\"twitter:card\" content=\"summary_large_image\" \/>\n<meta name=\"twitter:label1\" content=\"Tiempo de lectura\" \/>\n\t<meta name=\"twitter:data1\" content=\"2 minutos\" \/>\n<script type=\"application\/ld+json\" class=\"yoast-schema-graph\">{\"@context\":\"https:\/\/schema.org\",\"@graph\":[{\"@type\":\"WebPage\",\"@id\":\"https:\/\/www.proform-france.com\/es\/compania\/localizacion\/\",\"url\":\"https:\/\/www.proform-france.com\/es\/compania\/localizacion\/\",\"name\":\"Localizaci\u00f3n | Proform France\",\"isPartOf\":{\"@id\":\"https:\/\/www.proform-france.com\/es\/#website\"},\"datePublished\":\"2023-03-13T08:53:52+00:00\",\"dateModified\":\"2024-02-29T14:30:19+00:00\",\"breadcrumb\":{\"@id\":\"https:\/\/www.proform-france.com\/es\/compania\/localizacion\/#breadcrumb\"},\"inLanguage\":\"es\",\"potentialAction\":[{\"@type\":\"ReadAction\",\"target\":[\"https:\/\/www.proform-france.com\/es\/compania\/localizacion\/\"]}]},{\"@type\":\"BreadcrumbList\",\"@id\":\"https:\/\/www.proform-france.com\/es\/compania\/localizacion\/#breadcrumb\",\"itemListElement\":[{\"@type\":\"ListItem\",\"position\":1,\"name\":\"Accueil\",\"item\":\"https:\/\/www.proform-france.com\/es\/pagina-web\/\"},{\"@type\":\"ListItem\",\"position\":2,\"name\":\"Compa\u00f1\u00eda\",\"item\":\"https:\/\/www.proform-france.com\/es\/compania\/\"},{\"@type\":\"ListItem\",\"position\":3,\"name\":\"Localizaci\u00f3n\"}]},{\"@type\":\"WebSite\",\"@id\":\"https:\/\/www.proform-france.com\/es\/#website\",\"url\":\"https:\/\/www.proform-france.com\/es\/\",\"name\":\"Proform France\",\"description\":\"Designing &amp; Building machinery and complete processing lines\",\"publisher\":{\"@id\":\"https:\/\/www.proform-france.com\/es\/#organization\"},\"potentialAction\":[{\"@type\":\"SearchAction\",\"target\":{\"@type\":\"EntryPoint\",\"urlTemplate\":\"https:\/\/www.proform-france.com\/es\/?s={search_term_string}\"},\"query-input\":\"required name=search_term_string\"}],\"inLanguage\":\"es\"},{\"@type\":\"Organization\",\"@id\":\"https:\/\/www.proform-france.com\/es\/#organization\",\"name\":\"Proform France\",\"url\":\"https:\/\/www.proform-france.com\/es\/\",\"logo\":{\"@type\":\"ImageObject\",\"inLanguage\":\"es\",\"@id\":\"https:\/\/www.proform-france.com\/es\/#\/schema\/logo\/image\/\",\"url\":\"https:\/\/www.proform-france.com\/wp-content\/uploads\/2023\/07\/Logo_PROFORM-2.png\",\"contentUrl\":\"https:\/\/www.proform-france.com\/wp-content\/uploads\/2023\/07\/Logo_PROFORM-2.png\",\"width\":4068,\"height\":2000,\"caption\":\"Proform France\"},\"image\":{\"@id\":\"https:\/\/www.proform-france.com\/es\/#\/schema\/logo\/image\/\"}}]}<\/script>\n<!-- \/ Yoast SEO plugin. -->","yoast_head_json":{"title":"Localizaci\u00f3n | Proform France","robots":{"index":"index","follow":"follow","max-snippet":"max-snippet:-1","max-image-preview":"max-image-preview:large","max-video-preview":"max-video-preview:-1"},"canonical":"https:\/\/www.proform-france.com\/es\/compania\/localizacion\/","og_locale":"es_ES","og_type":"article","og_title":"Localizaci\u00f3n | Proform France","og_description":"LOCALIZACION Por avi\u00f3n: El aeropuerto de Estrasburgo Entzheim est\u00e1 a 3 minutos de nuestra oficina. Aeropuerto de Frankfurt en Alemania:Se encuentra a 200 km de donde estamos nosotros: ustedes pueden tomar un tren desde la estaci\u00f3n de Offenburg, en Alemania, y despu\u00e9s tomar un taxi a nuestra oficina. (Se trata de un viaje de 35 [&hellip;]","og_url":"https:\/\/www.proform-france.com\/es\/compania\/localizacion\/","og_site_name":"Proform France","article_modified_time":"2024-02-29T14:30:19+00:00","og_image":[{"width":4068,"height":2000,"url":"https:\/\/www.proform-france.com\/wp-content\/uploads\/2023\/07\/Logo_PROFORM-2.png","type":"image\/png"}],"twitter_card":"summary_large_image","twitter_misc":{"Tiempo de lectura":"2 minutos"},"schema":{"@context":"https:\/\/schema.org","@graph":[{"@type":"WebPage","@id":"https:\/\/www.proform-france.com\/es\/compania\/localizacion\/","url":"https:\/\/www.proform-france.com\/es\/compania\/localizacion\/","name":"Localizaci\u00f3n | Proform France","isPartOf":{"@id":"https:\/\/www.proform-france.com\/es\/#website"},"datePublished":"2023-03-13T08:53:52+00:00","dateModified":"2024-02-29T14:30:19+00:00","breadcrumb":{"@id":"https:\/\/www.proform-france.com\/es\/compania\/localizacion\/#breadcrumb"},"inLanguage":"es","potentialAction":[{"@type":"ReadAction","target":["https:\/\/www.proform-france.com\/es\/compania\/localizacion\/"]}]},{"@type":"BreadcrumbList","@id":"https:\/\/www.proform-france.com\/es\/compania\/localizacion\/#breadcrumb","itemListElement":[{"@type":"ListItem","position":1,"name":"Accueil","item":"https:\/\/www.proform-france.com\/es\/pagina-web\/"},{"@type":"ListItem","position":2,"name":"Compa\u00f1\u00eda","item":"https:\/\/www.proform-france.com\/es\/compania\/"},{"@type":"ListItem","position":3,"name":"Localizaci\u00f3n"}]},{"@type":"WebSite","@id":"https:\/\/www.proform-france.com\/es\/#website","url":"https:\/\/www.proform-france.com\/es\/","name":"Proform France","description":"Designing &amp; Building machinery and complete processing lines","publisher":{"@id":"https:\/\/www.proform-france.com\/es\/#organization"},"potentialAction":[{"@type":"SearchAction","target":{"@type":"EntryPoint","urlTemplate":"https:\/\/www.proform-france.com\/es\/?s={search_term_string}"},"query-input":"required name=search_term_string"}],"inLanguage":"es"},{"@type":"Organization","@id":"https:\/\/www.proform-france.com\/es\/#organization","name":"Proform France","url":"https:\/\/www.proform-france.com\/es\/","logo":{"@type":"ImageObject","inLanguage":"es","@id":"https:\/\/www.proform-france.com\/es\/#\/schema\/logo\/image\/","url":"https:\/\/www.proform-france.com\/wp-content\/uploads\/2023\/07\/Logo_PROFORM-2.png","contentUrl":"https:\/\/www.proform-france.com\/wp-content\/uploads\/2023\/07\/Logo_PROFORM-2.png","width":4068,"height":2000,"caption":"Proform France"},"image":{"@id":"https:\/\/www.proform-france.com\/es\/#\/schema\/logo\/image\/"}}]}},"publishpress_future_action":{"enabled":false,"date":"1970-01-01 01:00:00","action":"","terms":[],"taxonomy":"","browser_timezone_offset":0},"_links":{"self":[{"href":"https:\/\/www.proform-france.com\/es\/wp-json\/wp\/v2\/pages\/3266"}],"collection":[{"href":"https:\/\/www.proform-france.com\/es\/wp-json\/wp\/v2\/pages"}],"about":[{"href":"https:\/\/www.proform-france.com\/es\/wp-json\/wp\/v2\/types\/page"}],"author":[{"embeddable":true,"href":"https:\/\/www.proform-france.com\/es\/wp-json\/wp\/v2\/users\/1"}],"replies":[{"embeddable":true,"href":"https:\/\/www.proform-france.com\/es\/wp-json\/wp\/v2\/comments?post=3266"}],"version-history":[{"count":1,"href":"https:\/\/www.proform-france.com\/es\/wp-json\/wp\/v2\/pages\/3266\/revisions"}],"predecessor-version":[{"id":3267,"href":"https:\/\/www.proform-france.com\/es\/wp-json\/wp\/v2\/pages\/3266\/revisions\/3267"}],"up":[{"embeddable":true,"href":"https:\/\/www.proform-france.com\/es\/wp-json\/wp\/v2\/pages\/3177"}],"wp:attachment":[{"href":"https:\/\/www.proform-france.com\/es\/wp-json\/wp\/v2\/media?parent=3266"}],"curies":[{"name":"wp","href":"https:\/\/api.w.org\/{rel}","templated":true}]}}