{"id":3446,"date":"2023-03-13T09:53:31","date_gmt":"2023-03-13T08:53:31","guid":{"rendered":"https:\/\/www.proform-france.com\/compania\/acerca-de-nosotros\/"},"modified":"2024-03-21T13:28:54","modified_gmt":"2024-03-21T12:28:54","slug":"acerca-de-nosotros","status":"publish","type":"page","link":"https:\/\/www.proform-france.com\/es\/compania\/acerca-de-nosotros\/","title":{"rendered":"Acerca de Nosotros"},"content":{"rendered":"\t\t<div data-elementor-type=\"wp-page\" data-elementor-id=\"3446\" class=\"elementor elementor-3446 elementor-545\" data-elementor-post-type=\"page\">\n\t\t\t\t\t\t\t\t\t<section class=\"elementor-section elementor-top-section elementor-element elementor-element-7d64f62 elementor-section-boxed elementor-section-height-default elementor-section-height-default\" data-id=\"7d64f62\" data-element_type=\"section\">\n\t\t\t\t\t\t<div class=\"elementor-container elementor-column-gap-default\">\n\t\t\t\t\t<div class=\"elementor-column elementor-col-100 elementor-top-column elementor-element elementor-element-004da30\" data-id=\"004da30\" data-element_type=\"column\">\n\t\t\t<div class=\"elementor-widget-wrap elementor-element-populated\">\n\t\t\t\t\t\t\t\t<div class=\"elementor-element elementor-element-3521829 elementor-widget elementor-widget-heading\" data-id=\"3521829\" data-element_type=\"widget\" data-widget_type=\"heading.default\">\n\t\t\t\t<div class=\"elementor-widget-container\">\n\t\t\t<style>\/*! elementor - v3.15.0 - 31-07-2023 *\/\n.elementor-heading-title{padding:0;margin:0;line-height:1}.elementor-widget-heading .elementor-heading-title[class*=elementor-size-]>a{color:inherit;font-size:inherit;line-height:inherit}.elementor-widget-heading .elementor-heading-title.elementor-size-small{font-size:15px}.elementor-widget-heading .elementor-heading-title.elementor-size-medium{font-size:19px}.elementor-widget-heading .elementor-heading-title.elementor-size-large{font-size:29px}.elementor-widget-heading .elementor-heading-title.elementor-size-xl{font-size:39px}.elementor-widget-heading .elementor-heading-title.elementor-size-xxl{font-size:59px}<\/style><h1 class=\"elementor-heading-title elementor-size-default\">ACERA DE NOSOTROS<\/h1>\t\t<\/div>\n\t\t\t\t<\/div>\n\t\t\t\t<div class=\"elementor-element elementor-element-0bb1a07 elementor-widget elementor-widget-breadcrumbs\" data-id=\"0bb1a07\" data-element_type=\"widget\" data-widget_type=\"breadcrumbs.default\">\n\t\t\t\t<div class=\"elementor-widget-container\">\n\t\t\t<link rel=\"stylesheet\" href=\"https:\/\/www.proform-france.com\/wp-content\/plugins\/elementor-pro\/assets\/css\/widget-theme-elements.min.css\"><p id=\"breadcrumbs\"><span><span><a href=\"https:\/\/www.proform-france.com\/es\/pagina-web\/\">Accueil<\/a><\/span><\/span><\/p>\t\t<\/div>\n\t\t\t\t<\/div>\n\t\t\t\t\t<\/div>\n\t\t<\/div>\n\t\t\t\t\t\t\t<\/div>\n\t\t<\/section>\n\t\t\t\t<section class=\"elementor-section elementor-top-section elementor-element elementor-element-9098ac6 elementor-section-boxed elementor-section-height-default elementor-section-height-default\" data-id=\"9098ac6\" data-element_type=\"section\">\n\t\t\t\t\t\t<div class=\"elementor-container elementor-column-gap-default\">\n\t\t\t\t\t<div class=\"elementor-column elementor-col-100 elementor-top-column elementor-element elementor-element-73ee36d\" data-id=\"73ee36d\" data-element_type=\"column\">\n\t\t\t<div class=\"elementor-widget-wrap elementor-element-populated\">\n\t\t\t\t\t\t\t\t<section class=\"elementor-section elementor-inner-section elementor-element elementor-element-c408a32 elementor-section-boxed elementor-section-height-default elementor-section-height-default\" data-id=\"c408a32\" data-element_type=\"section\">\n\t\t\t\t\t\t<div class=\"elementor-container elementor-column-gap-default\">\n\t\t\t\t\t<div class=\"elementor-column elementor-col-33 elementor-inner-column elementor-element elementor-element-932a952\" data-id=\"932a952\" data-element_type=\"column\">\n\t\t\t<div class=\"elementor-widget-wrap elementor-element-populated\">\n\t\t\t\t\t\t\t\t<div class=\"elementor-element elementor-element-acdff02 elementor-widget elementor-widget-image\" data-id=\"acdff02\" data-element_type=\"widget\" data-widget_type=\"image.default\">\n\t\t\t\t<div class=\"elementor-widget-container\">\n\t\t\t<style>\/*! elementor - v3.15.0 - 31-07-2023 *\/\n.elementor-widget-image{text-align:center}.elementor-widget-image a{display:inline-block}.elementor-widget-image a img[src$=\".svg\"]{width:48px}.elementor-widget-image img{vertical-align:middle;display:inline-block}<\/style>\t\t\t\t\t\t\t\t\t\t\t\t\t<a href=\"https:\/\/www.proform-france.com\/wp-content\/uploads\/2023\/03\/IMG_4420-scaled.jpg\" data-elementor-open-lightbox=\"yes\" data-elementor-lightbox-title=\"IMG_4420\" data-e-action-hash=\"#elementor-action%3Aaction%3Dlightbox%26settings%3DeyJpZCI6MzAxMiwidXJsIjoiaHR0cHM6XC9cL3d3dy5wcm9mb3JtLWZyYW5jZS5jb21cL3dwLWNvbnRlbnRcL3VwbG9hZHNcLzIwMjNcLzAzXC9JTUdfNDQyMC1zY2FsZWQuanBnIn0%3D\">\n\t\t\t\t\t\t\t<img decoding=\"async\" width=\"800\" height=\"600\" src=\"https:\/\/www.proform-france.com\/wp-content\/uploads\/2023\/03\/IMG_4420-1024x768.jpg\" class=\"attachment-large size-large wp-image-3012\" alt=\"\" srcset=\"https:\/\/www.proform-france.com\/wp-content\/uploads\/2023\/03\/IMG_4420-1024x768.jpg 1024w, https:\/\/www.proform-france.com\/wp-content\/uploads\/2023\/03\/IMG_4420-300x225.jpg 300w, https:\/\/www.proform-france.com\/wp-content\/uploads\/2023\/03\/IMG_4420-768x576.jpg 768w, https:\/\/www.proform-france.com\/wp-content\/uploads\/2023\/03\/IMG_4420-1536x1152.jpg 1536w, https:\/\/www.proform-france.com\/wp-content\/uploads\/2023\/03\/IMG_4420-scaled.jpg 2048w\" sizes=\"(max-width: 800px) 100vw, 800px\" \/>\t\t\t\t\t\t\t\t<\/a>\n\t\t\t\t\t\t\t\t\t\t\t\t\t\t\t<\/div>\n\t\t\t\t<\/div>\n\t\t\t\t<div class=\"elementor-element elementor-element-065f0b1 elementor-widget elementor-widget-text-editor\" data-id=\"065f0b1\" data-element_type=\"widget\" data-widget_type=\"text-editor.default\">\n\t\t\t\t<div class=\"elementor-widget-container\">\n\t\t\t<style>\/*! elementor - v3.15.0 - 31-07-2023 *\/\n.elementor-widget-text-editor.elementor-drop-cap-view-stacked .elementor-drop-cap{background-color:#69727d;color:#fff}.elementor-widget-text-editor.elementor-drop-cap-view-framed .elementor-drop-cap{color:#69727d;border:3px solid;background-color:transparent}.elementor-widget-text-editor:not(.elementor-drop-cap-view-default) .elementor-drop-cap{margin-top:8px}.elementor-widget-text-editor:not(.elementor-drop-cap-view-default) .elementor-drop-cap-letter{width:1em;height:1em}.elementor-widget-text-editor .elementor-drop-cap{float:left;text-align:center;line-height:1;font-size:50px}.elementor-widget-text-editor .elementor-drop-cap-letter{display:inline-block}<\/style>\t\t\t\t<p>Desde 1995 <strong>Proform<\/strong> se ha vuelto un l\u00edder y un experto en tecnolog\u00eda de extrusi\u00f3n y formado para productos de confiter\u00eda\u2026<\/p>\n\t\t\t\t\t\t<\/div>\n\t\t\t\t<\/div>\n\t\t\t\t\t<\/div>\n\t\t<\/div>\n\t\t\t\t<div class=\"elementor-column elementor-col-66 elementor-inner-column elementor-element elementor-element-5e6d128\" data-id=\"5e6d128\" data-element_type=\"column\">\n\t\t\t<div class=\"elementor-widget-wrap elementor-element-populated\">\n\t\t\t\t\t\t\t\t<div class=\"elementor-element elementor-element-dbd8a0c elementor-widget elementor-widget-text-editor\" data-id=\"dbd8a0c\" data-element_type=\"widget\" data-widget_type=\"text-editor.default\">\n\t\t\t\t<div class=\"elementor-widget-container\">\n\t\t\t\t\t\t\t<p><strong style=\"color: var( --e-global-color-accent );\">Proform<\/strong><span style=\"color: var( --e-global-color-accent );\"> fabrica una amplia gama de maquinaria para las industrias de la confiter\u00eda y farmac\u00e9utica para productos tales como: <\/span><br><\/p>\n<ul>\n<li>Goma de Mascar&nbsp;y Goma Hinchable<\/li>\n<li>Dulces Blandos y Dulces Masticables<\/li>\n<li>Caramel,Toffee<\/li>\n<li>Caramelo Duro<\/li>\n<li>Galletas Blandas, Saladitas<\/li>\n<li>Regaliz &amp; Snacks de Frutas<\/li>\n<li>Alimento para Mascotas&#8230;<\/li>\n<\/ul>\n<p>Nosotros Podemos proveerles de soluciones completas, que son rentables y que est\u00e1n espec\u00edficamente adaptadas a sus proyectos, ya sea para crear, modificar o renovar sus l\u00edneas de producci\u00f3n; m\u00e1quinas individuales o l\u00edneas de producci\u00f3n completas llave en mano.<\/p>\n<p>Hoy en d\u00eda, nuestros equipos est\u00e1n en operaci\u00f3n en 40 pa\u00edses. Nuestro know-how, experiencia y referencias, as\u00ed como nuestro servicio postventa, son valorados por nuestros clientes.<\/p>\n<p><strong>PROFORM, fabrica para sus especificaciones<\/strong><\/p>\t\t\t\t\t\t<\/div>\n\t\t\t\t<\/div>\n\t\t\t\t\t<\/div>\n\t\t<\/div>\n\t\t\t\t\t\t\t<\/div>\n\t\t<\/section>\n\t\t\t\t\t<\/div>\n\t\t<\/div>\n\t\t\t\t\t\t\t<\/div>\n\t\t<\/section>\n\t\t\t\t\t\t\t<\/div>\n\t\t","protected":false},"excerpt":{"rendered":"<p>ACERA DE NOSOTROS Desde 1995 Proform se ha vuelto un l\u00edder y un experto en tecnolog\u00eda de extrusi\u00f3n y formado para productos de confiter\u00eda\u2026 Proform fabrica una amplia gama de maquinaria para las industrias de la confiter\u00eda y farmac\u00e9utica para productos tales como: Goma de Mascar&nbsp;y Goma Hinchable Dulces Blandos y Dulces Masticables Caramel,Toffee Caramelo [&hellip;]<\/p>\n","protected":false},"author":1,"featured_media":0,"parent":3177,"menu_order":0,"comment_status":"closed","ping_status":"closed","template":"","meta":{"inline_featured_image":false},"acf":[],"yoast_head":"<!-- This site is optimized with the Yoast SEO plugin v20.12 - https:\/\/yoast.com\/wordpress\/plugins\/seo\/ -->\n<title>Acerca de Nosotros | Proform France<\/title>\n<meta name=\"robots\" content=\"index, follow, max-snippet:-1, max-image-preview:large, max-video-preview:-1\" \/>\n<link rel=\"canonical\" href=\"https:\/\/www.proform-france.com\/es\/compania\/acerca-de-nosotros\/\" \/>\n<meta property=\"og:locale\" content=\"es_ES\" \/>\n<meta property=\"og:type\" content=\"article\" \/>\n<meta property=\"og:title\" content=\"Acerca de Nosotros | Proform France\" \/>\n<meta property=\"og:description\" content=\"ACERA DE NOSOTROS Desde 1995 Proform se ha vuelto un l\u00edder y un experto en tecnolog\u00eda de extrusi\u00f3n y formado para productos de confiter\u00eda\u2026 Proform fabrica una amplia gama de maquinaria para las industrias de la confiter\u00eda y farmac\u00e9utica para productos tales como: Goma de Mascar&nbsp;y Goma Hinchable Dulces Blandos y Dulces Masticables Caramel,Toffee Caramelo [&hellip;]\" \/>\n<meta property=\"og:url\" content=\"https:\/\/www.proform-france.com\/es\/compania\/acerca-de-nosotros\/\" \/>\n<meta property=\"og:site_name\" content=\"Proform France\" \/>\n<meta property=\"article:modified_time\" content=\"2024-03-21T12:28:54+00:00\" \/>\n<meta property=\"og:image\" content=\"https:\/\/www.proform-france.com\/wp-content\/uploads\/2023\/03\/IMG_4420-1024x768.jpg\" \/>\n<meta name=\"twitter:card\" content=\"summary_large_image\" \/>\n<meta name=\"twitter:label1\" content=\"Tiempo de lectura\" \/>\n\t<meta name=\"twitter:data1\" content=\"1 minuto\" \/>\n<script type=\"application\/ld+json\" class=\"yoast-schema-graph\">{\"@context\":\"https:\/\/schema.org\",\"@graph\":[{\"@type\":\"WebPage\",\"@id\":\"https:\/\/www.proform-france.com\/es\/compania\/acerca-de-nosotros\/\",\"url\":\"https:\/\/www.proform-france.com\/es\/compania\/acerca-de-nosotros\/\",\"name\":\"Acerca de Nosotros | Proform France\",\"isPartOf\":{\"@id\":\"https:\/\/www.proform-france.com\/es\/#website\"},\"datePublished\":\"2023-03-13T08:53:31+00:00\",\"dateModified\":\"2024-03-21T12:28:54+00:00\",\"breadcrumb\":{\"@id\":\"https:\/\/www.proform-france.com\/es\/compania\/acerca-de-nosotros\/#breadcrumb\"},\"inLanguage\":\"es\",\"potentialAction\":[{\"@type\":\"ReadAction\",\"target\":[\"https:\/\/www.proform-france.com\/es\/compania\/acerca-de-nosotros\/\"]}]},{\"@type\":\"BreadcrumbList\",\"@id\":\"https:\/\/www.proform-france.com\/es\/compania\/acerca-de-nosotros\/#breadcrumb\",\"itemListElement\":[{\"@type\":\"ListItem\",\"position\":1,\"name\":\"Accueil\",\"item\":\"https:\/\/www.proform-france.com\/es\/pagina-web\/\"},{\"@type\":\"ListItem\",\"position\":2,\"name\":\"Compa\u00f1\u00eda\",\"item\":\"https:\/\/www.proform-france.com\/es\/compania\/\"},{\"@type\":\"ListItem\",\"position\":3,\"name\":\"Acerca de Nosotros\"}]},{\"@type\":\"WebSite\",\"@id\":\"https:\/\/www.proform-france.com\/es\/#website\",\"url\":\"https:\/\/www.proform-france.com\/es\/\",\"name\":\"Proform France\",\"description\":\"Designing &amp; Building machinery and complete processing lines\",\"publisher\":{\"@id\":\"https:\/\/www.proform-france.com\/es\/#organization\"},\"potentialAction\":[{\"@type\":\"SearchAction\",\"target\":{\"@type\":\"EntryPoint\",\"urlTemplate\":\"https:\/\/www.proform-france.com\/es\/?s={search_term_string}\"},\"query-input\":\"required name=search_term_string\"}],\"inLanguage\":\"es\"},{\"@type\":\"Organization\",\"@id\":\"https:\/\/www.proform-france.com\/es\/#organization\",\"name\":\"Proform France\",\"url\":\"https:\/\/www.proform-france.com\/es\/\",\"logo\":{\"@type\":\"ImageObject\",\"inLanguage\":\"es\",\"@id\":\"https:\/\/www.proform-france.com\/es\/#\/schema\/logo\/image\/\",\"url\":\"https:\/\/www.proform-france.com\/wp-content\/uploads\/2023\/07\/Logo_PROFORM-2.png\",\"contentUrl\":\"https:\/\/www.proform-france.com\/wp-content\/uploads\/2023\/07\/Logo_PROFORM-2.png\",\"width\":4068,\"height\":2000,\"caption\":\"Proform France\"},\"image\":{\"@id\":\"https:\/\/www.proform-france.com\/es\/#\/schema\/logo\/image\/\"}}]}<\/script>\n<!-- \/ Yoast SEO plugin. -->","yoast_head_json":{"title":"Acerca de Nosotros | Proform France","robots":{"index":"index","follow":"follow","max-snippet":"max-snippet:-1","max-image-preview":"max-image-preview:large","max-video-preview":"max-video-preview:-1"},"canonical":"https:\/\/www.proform-france.com\/es\/compania\/acerca-de-nosotros\/","og_locale":"es_ES","og_type":"article","og_title":"Acerca de Nosotros | Proform France","og_description":"ACERA DE NOSOTROS Desde 1995 Proform se ha vuelto un l\u00edder y un experto en tecnolog\u00eda de extrusi\u00f3n y formado para productos de confiter\u00eda\u2026 Proform fabrica una amplia gama de maquinaria para las industrias de la confiter\u00eda y farmac\u00e9utica para productos tales como: Goma de Mascar&nbsp;y Goma Hinchable Dulces Blandos y Dulces Masticables Caramel,Toffee Caramelo [&hellip;]","og_url":"https:\/\/www.proform-france.com\/es\/compania\/acerca-de-nosotros\/","og_site_name":"Proform France","article_modified_time":"2024-03-21T12:28:54+00:00","og_image":[{"url":"https:\/\/www.proform-france.com\/wp-content\/uploads\/2023\/03\/IMG_4420-1024x768.jpg"}],"twitter_card":"summary_large_image","twitter_misc":{"Tiempo de lectura":"1 minuto"},"schema":{"@context":"https:\/\/schema.org","@graph":[{"@type":"WebPage","@id":"https:\/\/www.proform-france.com\/es\/compania\/acerca-de-nosotros\/","url":"https:\/\/www.proform-france.com\/es\/compania\/acerca-de-nosotros\/","name":"Acerca de Nosotros | Proform France","isPartOf":{"@id":"https:\/\/www.proform-france.com\/es\/#website"},"datePublished":"2023-03-13T08:53:31+00:00","dateModified":"2024-03-21T12:28:54+00:00","breadcrumb":{"@id":"https:\/\/www.proform-france.com\/es\/compania\/acerca-de-nosotros\/#breadcrumb"},"inLanguage":"es","potentialAction":[{"@type":"ReadAction","target":["https:\/\/www.proform-france.com\/es\/compania\/acerca-de-nosotros\/"]}]},{"@type":"BreadcrumbList","@id":"https:\/\/www.proform-france.com\/es\/compania\/acerca-de-nosotros\/#breadcrumb","itemListElement":[{"@type":"ListItem","position":1,"name":"Accueil","item":"https:\/\/www.proform-france.com\/es\/pagina-web\/"},{"@type":"ListItem","position":2,"name":"Compa\u00f1\u00eda","item":"https:\/\/www.proform-france.com\/es\/compania\/"},{"@type":"ListItem","position":3,"name":"Acerca de Nosotros"}]},{"@type":"WebSite","@id":"https:\/\/www.proform-france.com\/es\/#website","url":"https:\/\/www.proform-france.com\/es\/","name":"Proform France","description":"Designing &amp; Building machinery and complete processing lines","publisher":{"@id":"https:\/\/www.proform-france.com\/es\/#organization"},"potentialAction":[{"@type":"SearchAction","target":{"@type":"EntryPoint","urlTemplate":"https:\/\/www.proform-france.com\/es\/?s={search_term_string}"},"query-input":"required name=search_term_string"}],"inLanguage":"es"},{"@type":"Organization","@id":"https:\/\/www.proform-france.com\/es\/#organization","name":"Proform France","url":"https:\/\/www.proform-france.com\/es\/","logo":{"@type":"ImageObject","inLanguage":"es","@id":"https:\/\/www.proform-france.com\/es\/#\/schema\/logo\/image\/","url":"https:\/\/www.proform-france.com\/wp-content\/uploads\/2023\/07\/Logo_PROFORM-2.png","contentUrl":"https:\/\/www.proform-france.com\/wp-content\/uploads\/2023\/07\/Logo_PROFORM-2.png","width":4068,"height":2000,"caption":"Proform France"},"image":{"@id":"https:\/\/www.proform-france.com\/es\/#\/schema\/logo\/image\/"}}]}},"publishpress_future_action":{"enabled":false,"date":"1970-01-01 01:00:00","action":"","terms":[],"taxonomy":"","browser_timezone_offset":0},"_links":{"self":[{"href":"https:\/\/www.proform-france.com\/es\/wp-json\/wp\/v2\/pages\/3446"}],"collection":[{"href":"https:\/\/www.proform-france.com\/es\/wp-json\/wp\/v2\/pages"}],"about":[{"href":"https:\/\/www.proform-france.com\/es\/wp-json\/wp\/v2\/types\/page"}],"author":[{"embeddable":true,"href":"https:\/\/www.proform-france.com\/es\/wp-json\/wp\/v2\/users\/1"}],"replies":[{"embeddable":true,"href":"https:\/\/www.proform-france.com\/es\/wp-json\/wp\/v2\/comments?post=3446"}],"version-history":[{"count":1,"href":"https:\/\/www.proform-france.com\/es\/wp-json\/wp\/v2\/pages\/3446\/revisions"}],"predecessor-version":[{"id":3447,"href":"https:\/\/www.proform-france.com\/es\/wp-json\/wp\/v2\/pages\/3446\/revisions\/3447"}],"up":[{"embeddable":true,"href":"https:\/\/www.proform-france.com\/es\/wp-json\/wp\/v2\/pages\/3177"}],"wp:attachment":[{"href":"https:\/\/www.proform-france.com\/es\/wp-json\/wp\/v2\/media?parent=3446"}],"curies":[{"name":"wp","href":"https:\/\/api.w.org\/{rel}","templated":true}]}}