{"id":3448,"date":"2023-03-13T09:53:44","date_gmt":"2023-03-13T08:53:44","guid":{"rendered":"https:\/\/www.proform-france.com\/compania\/filosofia\/"},"modified":"2024-03-21T13:29:41","modified_gmt":"2024-03-21T12:29:41","slug":"filosofia","status":"publish","type":"page","link":"https:\/\/www.proform-france.com\/es\/compania\/filosofia\/","title":{"rendered":"Filosof\u00eda"},"content":{"rendered":"\t\t<div data-elementor-type=\"wp-page\" data-elementor-id=\"3448\" class=\"elementor elementor-3448 elementor-547\" data-elementor-post-type=\"page\">\n\t\t\t\t\t\t\t\t\t<section class=\"elementor-section elementor-top-section elementor-element elementor-element-ba2bd9f elementor-section-boxed elementor-section-height-default elementor-section-height-default\" data-id=\"ba2bd9f\" data-element_type=\"section\">\n\t\t\t\t\t\t<div class=\"elementor-container elementor-column-gap-default\">\n\t\t\t\t\t<div class=\"elementor-column elementor-col-100 elementor-top-column elementor-element elementor-element-a3b9785\" data-id=\"a3b9785\" data-element_type=\"column\">\n\t\t\t<div class=\"elementor-widget-wrap elementor-element-populated\">\n\t\t\t\t\t\t\t\t<div class=\"elementor-element elementor-element-d45ff99 elementor-widget elementor-widget-heading\" data-id=\"d45ff99\" data-element_type=\"widget\" data-widget_type=\"heading.default\">\n\t\t\t\t<div class=\"elementor-widget-container\">\n\t\t\t<style>\/*! elementor - v3.15.0 - 31-07-2023 *\/\n.elementor-heading-title{padding:0;margin:0;line-height:1}.elementor-widget-heading .elementor-heading-title[class*=elementor-size-]>a{color:inherit;font-size:inherit;line-height:inherit}.elementor-widget-heading .elementor-heading-title.elementor-size-small{font-size:15px}.elementor-widget-heading .elementor-heading-title.elementor-size-medium{font-size:19px}.elementor-widget-heading .elementor-heading-title.elementor-size-large{font-size:29px}.elementor-widget-heading .elementor-heading-title.elementor-size-xl{font-size:39px}.elementor-widget-heading .elementor-heading-title.elementor-size-xxl{font-size:59px}<\/style><h1 class=\"elementor-heading-title elementor-size-default\">FILOSOFIA<\/h1>\t\t<\/div>\n\t\t\t\t<\/div>\n\t\t\t\t<div class=\"elementor-element elementor-element-9093fbc elementor-widget elementor-widget-breadcrumbs\" data-id=\"9093fbc\" data-element_type=\"widget\" data-widget_type=\"breadcrumbs.default\">\n\t\t\t\t<div class=\"elementor-widget-container\">\n\t\t\t<link rel=\"stylesheet\" href=\"https:\/\/www.proform-france.com\/wp-content\/plugins\/elementor-pro\/assets\/css\/widget-theme-elements.min.css\"><p id=\"breadcrumbs\"><span><span><a href=\"https:\/\/www.proform-france.com\/es\/pagina-web\/\">Accueil<\/a><\/span><\/span><\/p>\t\t<\/div>\n\t\t\t\t<\/div>\n\t\t\t\t\t<\/div>\n\t\t<\/div>\n\t\t\t\t\t\t\t<\/div>\n\t\t<\/section>\n\t\t\t\t<section class=\"elementor-section elementor-top-section elementor-element elementor-element-d213142 elementor-section-boxed elementor-section-height-default elementor-section-height-default\" data-id=\"d213142\" data-element_type=\"section\">\n\t\t\t\t\t\t<div class=\"elementor-container elementor-column-gap-default\">\n\t\t\t\t\t<div class=\"elementor-column elementor-col-100 elementor-top-column elementor-element elementor-element-6c8c6a3\" data-id=\"6c8c6a3\" data-element_type=\"column\">\n\t\t\t<div class=\"elementor-widget-wrap elementor-element-populated\">\n\t\t\t\t\t\t\t\t<section class=\"elementor-section elementor-inner-section elementor-element elementor-element-ee4ee0a elementor-section-boxed elementor-section-height-default elementor-section-height-default\" data-id=\"ee4ee0a\" data-element_type=\"section\">\n\t\t\t\t\t\t<div class=\"elementor-container elementor-column-gap-default\">\n\t\t\t\t\t<div class=\"elementor-column elementor-col-50 elementor-inner-column elementor-element elementor-element-3fb52d8\" data-id=\"3fb52d8\" data-element_type=\"column\">\n\t\t\t<div class=\"elementor-widget-wrap elementor-element-populated\">\n\t\t\t\t\t\t\t\t<div class=\"elementor-element elementor-element-5c3d7c5 elementor-widget elementor-widget-text-editor\" data-id=\"5c3d7c5\" data-element_type=\"widget\" data-widget_type=\"text-editor.default\">\n\t\t\t\t<div class=\"elementor-widget-container\">\n\t\t\t<style>\/*! elementor - v3.15.0 - 31-07-2023 *\/\n.elementor-widget-text-editor.elementor-drop-cap-view-stacked .elementor-drop-cap{background-color:#69727d;color:#fff}.elementor-widget-text-editor.elementor-drop-cap-view-framed .elementor-drop-cap{color:#69727d;border:3px solid;background-color:transparent}.elementor-widget-text-editor:not(.elementor-drop-cap-view-default) .elementor-drop-cap{margin-top:8px}.elementor-widget-text-editor:not(.elementor-drop-cap-view-default) .elementor-drop-cap-letter{width:1em;height:1em}.elementor-widget-text-editor .elementor-drop-cap{float:left;text-align:center;line-height:1;font-size:50px}.elementor-widget-text-editor .elementor-drop-cap-letter{display:inline-block}<\/style>\t\t\t\t<h2><strong>INOVACI\u00d3N, CALIDAD, SERVICIO<\/strong><\/h2>\n<p>Las m\u00e1quinas y las l\u00edneas de producci\u00f3n de PROFORM est\u00e1s dise\u00f1adas para responder a sus necesidades.<\/p>\n<p>PROFORM puede ayudarles a construir un proyecto \u201cllave en mano\u201d, desde el estudio de sus requerimientos, hasta la puesta en operaci\u00f3n de su l\u00ednea de fabricaci\u00f3n.<\/p>\n<h3><strong>Nuestras l\u00edneas de producci\u00f3n son:<\/strong><\/h3>\n<ul>\n<li>Racionales<\/li>\n<li>Modulares<\/li>\n<li>F\u00e1ciles de usar<\/li>\n<li>Duraderas<\/li>\n<li>Seguras (normas ATEX, UL, CE\u2026)&nbsp;<\/li>\n<\/ul>\n<p>Flexibilidad en la l\u00ednea de producci\u00f3n. Nuestra flexibilidad significa incrementar el n\u00famero de m\u00e1quinas, en funci\u00f3n de sus necesidades de producci\u00f3n, para reducir su inversi\u00f3n inicial.<\/p>\n<h3 style=\"color: #3c3c3c;\"><br><\/h3>\t\t\t\t\t\t<\/div>\n\t\t\t\t<\/div>\n\t\t\t\t\t<\/div>\n\t\t<\/div>\n\t\t\t\t<div class=\"elementor-column elementor-col-50 elementor-inner-column elementor-element elementor-element-25b8e3e\" data-id=\"25b8e3e\" data-element_type=\"column\">\n\t\t\t<div class=\"elementor-widget-wrap elementor-element-populated\">\n\t\t\t\t\t\t\t\t<div class=\"elementor-element elementor-element-28e671f elementor-widget elementor-widget-text-editor\" data-id=\"28e671f\" data-element_type=\"widget\" data-widget_type=\"text-editor.default\">\n\t\t\t\t<div class=\"elementor-widget-container\">\n\t\t\t\t\t\t\t<h3>R\u00e1pidos cambios de producto y mantenimiento simplificado<\/h3>\n<p>Todas las partes que sufren desgaste son de f\u00e1cil acceso para simplificar el mantenimiento y su reposici\u00f3n.<\/p>\n<h3>Bajo consume de energ\u00eda y sustentabilidad<\/h3>\n<p>El cuidadoso uso de recursos, combinado con la calidad y durabilidad de nuestra maquinaria, tambi\u00e9n se derivan de nuestra herencia Alsaciana.<\/p>\n<p>El ahorro de energ\u00eda siempre ha sido una parte de nuestro desarrollo, desde nuestros inicios.<\/p>\n<p>Nuestra pasi\u00f3n para nuestro trabajo, asociada con nuestra creatividad implican un gran equipo ! &gt;<\/p>\n<p>PROFORM, <b>su socio sustentable.<\/b><\/p>\t\t\t\t\t\t<\/div>\n\t\t\t\t<\/div>\n\t\t\t\t\t<\/div>\n\t\t<\/div>\n\t\t\t\t\t\t\t<\/div>\n\t\t<\/section>\n\t\t\t\t\t<\/div>\n\t\t<\/div>\n\t\t\t\t\t\t\t<\/div>\n\t\t<\/section>\n\t\t\t\t\t\t\t<\/div>\n\t\t","protected":false},"excerpt":{"rendered":"<p>FILOSOFIA INOVACI\u00d3N, CALIDAD, SERVICIO Las m\u00e1quinas y las l\u00edneas de producci\u00f3n de PROFORM est\u00e1s dise\u00f1adas para responder a sus necesidades. PROFORM puede ayudarles a construir un proyecto \u201cllave en mano\u201d, desde el estudio de sus requerimientos, hasta la puesta en operaci\u00f3n de su l\u00ednea de fabricaci\u00f3n. Nuestras l\u00edneas de producci\u00f3n son: Racionales Modulares F\u00e1ciles de [&hellip;]<\/p>\n","protected":false},"author":1,"featured_media":0,"parent":3177,"menu_order":0,"comment_status":"closed","ping_status":"closed","template":"","meta":{"inline_featured_image":false},"acf":[],"yoast_head":"<!-- This site is optimized with the Yoast SEO plugin v20.12 - https:\/\/yoast.com\/wordpress\/plugins\/seo\/ -->\n<title>Filosof\u00eda | Proform France<\/title>\n<meta name=\"robots\" content=\"index, follow, max-snippet:-1, max-image-preview:large, max-video-preview:-1\" \/>\n<link rel=\"canonical\" href=\"https:\/\/www.proform-france.com\/es\/compania\/filosofia\/\" \/>\n<meta property=\"og:locale\" content=\"es_ES\" \/>\n<meta property=\"og:type\" content=\"article\" \/>\n<meta property=\"og:title\" content=\"Filosof\u00eda | Proform France\" \/>\n<meta property=\"og:description\" content=\"FILOSOFIA INOVACI\u00d3N, CALIDAD, SERVICIO Las m\u00e1quinas y las l\u00edneas de producci\u00f3n de PROFORM est\u00e1s dise\u00f1adas para responder a sus necesidades. PROFORM puede ayudarles a construir un proyecto \u201cllave en mano\u201d, desde el estudio de sus requerimientos, hasta la puesta en operaci\u00f3n de su l\u00ednea de fabricaci\u00f3n. Nuestras l\u00edneas de producci\u00f3n son: Racionales Modulares F\u00e1ciles de [&hellip;]\" \/>\n<meta property=\"og:url\" content=\"https:\/\/www.proform-france.com\/es\/compania\/filosofia\/\" \/>\n<meta property=\"og:site_name\" content=\"Proform France\" \/>\n<meta property=\"article:modified_time\" content=\"2024-03-21T12:29:41+00:00\" \/>\n<meta property=\"og:image\" content=\"https:\/\/www.proform-france.com\/wp-content\/uploads\/2023\/07\/Logo_PROFORM-2.png\" \/>\n\t<meta property=\"og:image:width\" content=\"4068\" \/>\n\t<meta property=\"og:image:height\" content=\"2000\" \/>\n\t<meta property=\"og:image:type\" content=\"image\/png\" \/>\n<meta name=\"twitter:card\" content=\"summary_large_image\" \/>\n<meta name=\"twitter:label1\" content=\"Tiempo de lectura\" \/>\n\t<meta name=\"twitter:data1\" content=\"1 minuto\" \/>\n<script type=\"application\/ld+json\" class=\"yoast-schema-graph\">{\"@context\":\"https:\/\/schema.org\",\"@graph\":[{\"@type\":\"WebPage\",\"@id\":\"https:\/\/www.proform-france.com\/es\/compania\/filosofia\/\",\"url\":\"https:\/\/www.proform-france.com\/es\/compania\/filosofia\/\",\"name\":\"Filosof\u00eda | Proform France\",\"isPartOf\":{\"@id\":\"https:\/\/www.proform-france.com\/es\/#website\"},\"datePublished\":\"2023-03-13T08:53:44+00:00\",\"dateModified\":\"2024-03-21T12:29:41+00:00\",\"breadcrumb\":{\"@id\":\"https:\/\/www.proform-france.com\/es\/compania\/filosofia\/#breadcrumb\"},\"inLanguage\":\"es\",\"potentialAction\":[{\"@type\":\"ReadAction\",\"target\":[\"https:\/\/www.proform-france.com\/es\/compania\/filosofia\/\"]}]},{\"@type\":\"BreadcrumbList\",\"@id\":\"https:\/\/www.proform-france.com\/es\/compania\/filosofia\/#breadcrumb\",\"itemListElement\":[{\"@type\":\"ListItem\",\"position\":1,\"name\":\"Accueil\",\"item\":\"https:\/\/www.proform-france.com\/es\/pagina-web\/\"},{\"@type\":\"ListItem\",\"position\":2,\"name\":\"Compa\u00f1\u00eda\",\"item\":\"https:\/\/www.proform-france.com\/es\/compania\/\"},{\"@type\":\"ListItem\",\"position\":3,\"name\":\"Filosof\u00eda\"}]},{\"@type\":\"WebSite\",\"@id\":\"https:\/\/www.proform-france.com\/es\/#website\",\"url\":\"https:\/\/www.proform-france.com\/es\/\",\"name\":\"Proform France\",\"description\":\"Designing &amp; Building machinery and complete processing lines\",\"publisher\":{\"@id\":\"https:\/\/www.proform-france.com\/es\/#organization\"},\"potentialAction\":[{\"@type\":\"SearchAction\",\"target\":{\"@type\":\"EntryPoint\",\"urlTemplate\":\"https:\/\/www.proform-france.com\/es\/?s={search_term_string}\"},\"query-input\":\"required name=search_term_string\"}],\"inLanguage\":\"es\"},{\"@type\":\"Organization\",\"@id\":\"https:\/\/www.proform-france.com\/es\/#organization\",\"name\":\"Proform France\",\"url\":\"https:\/\/www.proform-france.com\/es\/\",\"logo\":{\"@type\":\"ImageObject\",\"inLanguage\":\"es\",\"@id\":\"https:\/\/www.proform-france.com\/es\/#\/schema\/logo\/image\/\",\"url\":\"https:\/\/www.proform-france.com\/wp-content\/uploads\/2023\/07\/Logo_PROFORM-2.png\",\"contentUrl\":\"https:\/\/www.proform-france.com\/wp-content\/uploads\/2023\/07\/Logo_PROFORM-2.png\",\"width\":4068,\"height\":2000,\"caption\":\"Proform France\"},\"image\":{\"@id\":\"https:\/\/www.proform-france.com\/es\/#\/schema\/logo\/image\/\"}}]}<\/script>\n<!-- \/ Yoast SEO plugin. -->","yoast_head_json":{"title":"Filosof\u00eda | Proform France","robots":{"index":"index","follow":"follow","max-snippet":"max-snippet:-1","max-image-preview":"max-image-preview:large","max-video-preview":"max-video-preview:-1"},"canonical":"https:\/\/www.proform-france.com\/es\/compania\/filosofia\/","og_locale":"es_ES","og_type":"article","og_title":"Filosof\u00eda | Proform France","og_description":"FILOSOFIA INOVACI\u00d3N, CALIDAD, SERVICIO Las m\u00e1quinas y las l\u00edneas de producci\u00f3n de PROFORM est\u00e1s dise\u00f1adas para responder a sus necesidades. PROFORM puede ayudarles a construir un proyecto \u201cllave en mano\u201d, desde el estudio de sus requerimientos, hasta la puesta en operaci\u00f3n de su l\u00ednea de fabricaci\u00f3n. Nuestras l\u00edneas de producci\u00f3n son: Racionales Modulares F\u00e1ciles de [&hellip;]","og_url":"https:\/\/www.proform-france.com\/es\/compania\/filosofia\/","og_site_name":"Proform France","article_modified_time":"2024-03-21T12:29:41+00:00","og_image":[{"width":4068,"height":2000,"url":"https:\/\/www.proform-france.com\/wp-content\/uploads\/2023\/07\/Logo_PROFORM-2.png","type":"image\/png"}],"twitter_card":"summary_large_image","twitter_misc":{"Tiempo de lectura":"1 minuto"},"schema":{"@context":"https:\/\/schema.org","@graph":[{"@type":"WebPage","@id":"https:\/\/www.proform-france.com\/es\/compania\/filosofia\/","url":"https:\/\/www.proform-france.com\/es\/compania\/filosofia\/","name":"Filosof\u00eda | Proform France","isPartOf":{"@id":"https:\/\/www.proform-france.com\/es\/#website"},"datePublished":"2023-03-13T08:53:44+00:00","dateModified":"2024-03-21T12:29:41+00:00","breadcrumb":{"@id":"https:\/\/www.proform-france.com\/es\/compania\/filosofia\/#breadcrumb"},"inLanguage":"es","potentialAction":[{"@type":"ReadAction","target":["https:\/\/www.proform-france.com\/es\/compania\/filosofia\/"]}]},{"@type":"BreadcrumbList","@id":"https:\/\/www.proform-france.com\/es\/compania\/filosofia\/#breadcrumb","itemListElement":[{"@type":"ListItem","position":1,"name":"Accueil","item":"https:\/\/www.proform-france.com\/es\/pagina-web\/"},{"@type":"ListItem","position":2,"name":"Compa\u00f1\u00eda","item":"https:\/\/www.proform-france.com\/es\/compania\/"},{"@type":"ListItem","position":3,"name":"Filosof\u00eda"}]},{"@type":"WebSite","@id":"https:\/\/www.proform-france.com\/es\/#website","url":"https:\/\/www.proform-france.com\/es\/","name":"Proform France","description":"Designing &amp; Building machinery and complete processing lines","publisher":{"@id":"https:\/\/www.proform-france.com\/es\/#organization"},"potentialAction":[{"@type":"SearchAction","target":{"@type":"EntryPoint","urlTemplate":"https:\/\/www.proform-france.com\/es\/?s={search_term_string}"},"query-input":"required name=search_term_string"}],"inLanguage":"es"},{"@type":"Organization","@id":"https:\/\/www.proform-france.com\/es\/#organization","name":"Proform France","url":"https:\/\/www.proform-france.com\/es\/","logo":{"@type":"ImageObject","inLanguage":"es","@id":"https:\/\/www.proform-france.com\/es\/#\/schema\/logo\/image\/","url":"https:\/\/www.proform-france.com\/wp-content\/uploads\/2023\/07\/Logo_PROFORM-2.png","contentUrl":"https:\/\/www.proform-france.com\/wp-content\/uploads\/2023\/07\/Logo_PROFORM-2.png","width":4068,"height":2000,"caption":"Proform France"},"image":{"@id":"https:\/\/www.proform-france.com\/es\/#\/schema\/logo\/image\/"}}]}},"publishpress_future_action":{"enabled":false,"date":"1970-01-01 01:00:00","action":"","terms":[],"taxonomy":"","browser_timezone_offset":0},"_links":{"self":[{"href":"https:\/\/www.proform-france.com\/es\/wp-json\/wp\/v2\/pages\/3448"}],"collection":[{"href":"https:\/\/www.proform-france.com\/es\/wp-json\/wp\/v2\/pages"}],"about":[{"href":"https:\/\/www.proform-france.com\/es\/wp-json\/wp\/v2\/types\/page"}],"author":[{"embeddable":true,"href":"https:\/\/www.proform-france.com\/es\/wp-json\/wp\/v2\/users\/1"}],"replies":[{"embeddable":true,"href":"https:\/\/www.proform-france.com\/es\/wp-json\/wp\/v2\/comments?post=3448"}],"version-history":[{"count":1,"href":"https:\/\/www.proform-france.com\/es\/wp-json\/wp\/v2\/pages\/3448\/revisions"}],"predecessor-version":[{"id":3449,"href":"https:\/\/www.proform-france.com\/es\/wp-json\/wp\/v2\/pages\/3448\/revisions\/3449"}],"up":[{"embeddable":true,"href":"https:\/\/www.proform-france.com\/es\/wp-json\/wp\/v2\/pages\/3177"}],"wp:attachment":[{"href":"https:\/\/www.proform-france.com\/es\/wp-json\/wp\/v2\/media?parent=3448"}],"curies":[{"name":"wp","href":"https:\/\/api.w.org\/{rel}","templated":true}]}}