{"id":2351,"date":"2023-03-13T09:53:44","date_gmt":"2023-03-13T08:53:44","guid":{"rendered":"https:\/\/www.proform-france.com\/philosophie\/"},"modified":"2023-06-29T17:21:23","modified_gmt":"2023-06-29T15:21:23","slug":"philosophie","status":"publish","type":"page","link":"https:\/\/www.proform-france.com\/fr\/societe\/philosophie\/","title":{"rendered":"Philosophie"},"content":{"rendered":"\t\t<div data-elementor-type=\"wp-page\" data-elementor-id=\"2351\" class=\"elementor elementor-2351 elementor-547\" data-elementor-post-type=\"page\">\n\t\t\t\t\t\t\t\t\t<section class=\"elementor-section elementor-top-section elementor-element elementor-element-ba2bd9f elementor-section-boxed elementor-section-height-default elementor-section-height-default\" data-id=\"ba2bd9f\" data-element_type=\"section\">\n\t\t\t\t\t\t<div class=\"elementor-container elementor-column-gap-default\">\n\t\t\t\t\t<div class=\"elementor-column elementor-col-100 elementor-top-column elementor-element elementor-element-a3b9785\" data-id=\"a3b9785\" data-element_type=\"column\">\n\t\t\t<div class=\"elementor-widget-wrap elementor-element-populated\">\n\t\t\t\t\t\t\t\t<div class=\"elementor-element elementor-element-d45ff99 elementor-widget elementor-widget-heading\" data-id=\"d45ff99\" data-element_type=\"widget\" data-widget_type=\"heading.default\">\n\t\t\t\t<div class=\"elementor-widget-container\">\n\t\t\t<style>\/*! elementor - v3.15.0 - 31-07-2023 *\/\n.elementor-heading-title{padding:0;margin:0;line-height:1}.elementor-widget-heading .elementor-heading-title[class*=elementor-size-]>a{color:inherit;font-size:inherit;line-height:inherit}.elementor-widget-heading .elementor-heading-title.elementor-size-small{font-size:15px}.elementor-widget-heading .elementor-heading-title.elementor-size-medium{font-size:19px}.elementor-widget-heading .elementor-heading-title.elementor-size-large{font-size:29px}.elementor-widget-heading .elementor-heading-title.elementor-size-xl{font-size:39px}.elementor-widget-heading .elementor-heading-title.elementor-size-xxl{font-size:59px}<\/style><h1 class=\"elementor-heading-title elementor-size-default\">PHILOSOPHIE<\/h1>\t\t<\/div>\n\t\t\t\t<\/div>\n\t\t\t\t<div class=\"elementor-element elementor-element-9093fbc elementor-widget elementor-widget-breadcrumbs\" data-id=\"9093fbc\" data-element_type=\"widget\" data-widget_type=\"breadcrumbs.default\">\n\t\t\t\t<div class=\"elementor-widget-container\">\n\t\t\t<link rel=\"stylesheet\" href=\"https:\/\/www.proform-france.com\/wp-content\/plugins\/elementor-pro\/assets\/css\/widget-theme-elements.min.css\"><p id=\"breadcrumbs\"><span><span><a href=\"https:\/\/www.proform-france.com\/fr\/home\/\">Accueil<\/a><\/span><\/span><\/p>\t\t<\/div>\n\t\t\t\t<\/div>\n\t\t\t\t\t<\/div>\n\t\t<\/div>\n\t\t\t\t\t\t\t<\/div>\n\t\t<\/section>\n\t\t\t\t<section class=\"elementor-section elementor-top-section elementor-element elementor-element-d213142 elementor-section-boxed elementor-section-height-default elementor-section-height-default\" data-id=\"d213142\" data-element_type=\"section\">\n\t\t\t\t\t\t<div class=\"elementor-container elementor-column-gap-default\">\n\t\t\t\t\t<div class=\"elementor-column elementor-col-100 elementor-top-column elementor-element elementor-element-6c8c6a3\" data-id=\"6c8c6a3\" data-element_type=\"column\">\n\t\t\t<div class=\"elementor-widget-wrap elementor-element-populated\">\n\t\t\t\t\t\t\t\t<section class=\"elementor-section elementor-inner-section elementor-element elementor-element-ee4ee0a elementor-section-boxed elementor-section-height-default elementor-section-height-default\" data-id=\"ee4ee0a\" data-element_type=\"section\">\n\t\t\t\t\t\t<div class=\"elementor-container elementor-column-gap-default\">\n\t\t\t\t\t<div class=\"elementor-column elementor-col-50 elementor-inner-column elementor-element elementor-element-3fb52d8\" data-id=\"3fb52d8\" data-element_type=\"column\">\n\t\t\t<div class=\"elementor-widget-wrap elementor-element-populated\">\n\t\t\t\t\t\t\t\t<div class=\"elementor-element elementor-element-5c3d7c5 elementor-widget elementor-widget-text-editor\" data-id=\"5c3d7c5\" data-element_type=\"widget\" data-widget_type=\"text-editor.default\">\n\t\t\t\t<div class=\"elementor-widget-container\">\n\t\t\t<style>\/*! elementor - v3.15.0 - 31-07-2023 *\/\n.elementor-widget-text-editor.elementor-drop-cap-view-stacked .elementor-drop-cap{background-color:#69727d;color:#fff}.elementor-widget-text-editor.elementor-drop-cap-view-framed .elementor-drop-cap{color:#69727d;border:3px solid;background-color:transparent}.elementor-widget-text-editor:not(.elementor-drop-cap-view-default) .elementor-drop-cap{margin-top:8px}.elementor-widget-text-editor:not(.elementor-drop-cap-view-default) .elementor-drop-cap-letter{width:1em;height:1em}.elementor-widget-text-editor .elementor-drop-cap{float:left;text-align:center;line-height:1;font-size:50px}.elementor-widget-text-editor .elementor-drop-cap-letter{display:inline-block}<\/style>\t\t\t\t<h2><strong>INNOVATION, QUALIT\u00c9, SERVICE<\/strong><\/h2><p>Les machines et les lignes de productions PROFORM sont con\u00e7ues sp\u00e9cifiquement pour r\u00e9pondre \u00e0 vos besoins.<\/p><p>PROFORM vous accompagne pour vous proposer une solution \u00ab cl\u00e9s en main \u00bb ; depuis l\u2019\u00e9tude de vos besoins jusqu\u2019\u00e0 la mise en service de votre ligne de production.<\/p><h3><strong>Nos lignes de productions sont:<\/strong><\/h3><ul><li>Rationelles<\/li><li>Modulables<\/li><li>Simples d\u2019utilisation<\/li><li>Durables<\/li><li>S\u00e9curis\u00e9es (norme ATEX, UL, CE, etc\u2026)\u00a0<\/li><\/ul><p>Flexibilit\u00e9 des lignes de production Notre flexibilit\u00e9 permet aussi d\u2019augmenter votre parc machine au fur et \u00e0 mesure de l\u2019\u00e9volution de votre propre production, ce qui permet de r\u00e9duire votre co\u00fbt d\u2019investissement initial.<\/p><h3 style=\"color: #3c3c3c;\">\u00a0<\/h3>\t\t\t\t\t\t<\/div>\n\t\t\t\t<\/div>\n\t\t\t\t\t<\/div>\n\t\t<\/div>\n\t\t\t\t<div class=\"elementor-column elementor-col-50 elementor-inner-column elementor-element elementor-element-25b8e3e\" data-id=\"25b8e3e\" data-element_type=\"column\">\n\t\t\t<div class=\"elementor-widget-wrap elementor-element-populated\">\n\t\t\t\t\t\t\t\t<div class=\"elementor-element elementor-element-28e671f elementor-widget elementor-widget-text-editor\" data-id=\"28e671f\" data-element_type=\"widget\" data-widget_type=\"text-editor.default\">\n\t\t\t\t<div class=\"elementor-widget-container\">\n\t\t\t\t\t\t\t<h3>Changement de production rapide et maintenance simplifi\u00e9e.<\/h3>\n<p>Toutes les pi\u00e8ces d\u2019usures sont faciles d\u2019acc\u00e8s pour simplifier la maintenance ou leur remplacement.<\/p>\n<h3>Consommation \u00e9conomique et durabilit\u00e9.<\/h3>\n<p>L\u2019utilisation raisonn\u00e9e des ressources d\u2019\u00e9nergie combin\u00e9e \u00e0 la qualit\u00e9 et la robustesse de nos machines nous vient aussi de notre savoir-faire Alsacien.<\/p>\n<p>Dans notre d\u00e9veloppement, l\u2019\u00e9conomie d\u2019\u00e9nergie a toujours fait partie de nos pr\u00e9occupations, et ce depuis toujours.<\/p>\n<p>Notre passion pour notre m\u00e9tier associ\u00e9e \u00e0 votre cr\u00e9ativit\u00e9 \u2013&gt; &gt;une \u00e9quipe imbattable.<\/p>\n<p>PROFORM, <b>votre partenaire durable<\/b><\/p>\t\t\t\t\t\t<\/div>\n\t\t\t\t<\/div>\n\t\t\t\t\t<\/div>\n\t\t<\/div>\n\t\t\t\t\t\t\t<\/div>\n\t\t<\/section>\n\t\t\t\t\t<\/div>\n\t\t<\/div>\n\t\t\t\t\t\t\t<\/div>\n\t\t<\/section>\n\t\t\t\t\t\t\t<\/div>\n\t\t","protected":false},"excerpt":{"rendered":"<p>PHILOSOPHIE INNOVATION, QUALIT\u00c9, SERVICE Les machines et les lignes de productions PROFORM sont con\u00e7ues sp\u00e9cifiquement pour r\u00e9pondre \u00e0 vos besoins. PROFORM vous accompagne pour vous proposer une solution \u00ab cl\u00e9s en main \u00bb ; depuis l\u2019\u00e9tude de vos besoins jusqu\u2019\u00e0 la mise en service de votre ligne de production. Nos lignes de productions sont: Rationelles [&hellip;]<\/p>\n","protected":false},"author":1,"featured_media":0,"parent":2385,"menu_order":0,"comment_status":"closed","ping_status":"closed","template":"","meta":{"inline_featured_image":false},"acf":[],"yoast_head":"<!-- This site is optimized with the Yoast SEO plugin v20.12 - https:\/\/yoast.com\/wordpress\/plugins\/seo\/ -->\n<title>Philosophie | Proform France<\/title>\n<meta name=\"robots\" content=\"index, follow, max-snippet:-1, max-image-preview:large, max-video-preview:-1\" \/>\n<link rel=\"canonical\" href=\"https:\/\/www.proform-france.com\/fr\/societe\/philosophie\/\" \/>\n<meta property=\"og:locale\" content=\"fr_FR\" \/>\n<meta property=\"og:type\" content=\"article\" \/>\n<meta property=\"og:title\" content=\"Philosophie | Proform France\" \/>\n<meta property=\"og:description\" content=\"PHILOSOPHIE INNOVATION, QUALIT\u00c9, SERVICE Les machines et les lignes de productions PROFORM sont con\u00e7ues sp\u00e9cifiquement pour r\u00e9pondre \u00e0 vos besoins. PROFORM vous accompagne pour vous proposer une solution \u00ab cl\u00e9s en main \u00bb ; depuis l\u2019\u00e9tude de vos besoins jusqu\u2019\u00e0 la mise en service de votre ligne de production. Nos lignes de productions sont: Rationelles [&hellip;]\" \/>\n<meta property=\"og:url\" content=\"https:\/\/www.proform-france.com\/fr\/societe\/philosophie\/\" \/>\n<meta property=\"og:site_name\" content=\"Proform France\" \/>\n<meta property=\"article:modified_time\" content=\"2023-06-29T15:21:23+00:00\" \/>\n<meta property=\"og:image\" content=\"https:\/\/www.proform-france.com\/wp-content\/uploads\/2023\/07\/Logo_PROFORM-2.png\" \/>\n\t<meta property=\"og:image:width\" content=\"4068\" \/>\n\t<meta property=\"og:image:height\" content=\"2000\" \/>\n\t<meta property=\"og:image:type\" content=\"image\/png\" \/>\n<meta name=\"twitter:card\" content=\"summary_large_image\" \/>\n<meta name=\"twitter:label1\" content=\"Dur\u00e9e de lecture estim\u00e9e\" \/>\n\t<meta name=\"twitter:data1\" content=\"1 minute\" \/>\n<script type=\"application\/ld+json\" class=\"yoast-schema-graph\">{\"@context\":\"https:\/\/schema.org\",\"@graph\":[{\"@type\":\"WebPage\",\"@id\":\"https:\/\/www.proform-france.com\/fr\/societe\/philosophie\/\",\"url\":\"https:\/\/www.proform-france.com\/fr\/societe\/philosophie\/\",\"name\":\"Philosophie | Proform France\",\"isPartOf\":{\"@id\":\"https:\/\/www.proform-france.com\/fr\/#website\"},\"datePublished\":\"2023-03-13T08:53:44+00:00\",\"dateModified\":\"2023-06-29T15:21:23+00:00\",\"breadcrumb\":{\"@id\":\"https:\/\/www.proform-france.com\/fr\/societe\/philosophie\/#breadcrumb\"},\"inLanguage\":\"fr-FR\",\"potentialAction\":[{\"@type\":\"ReadAction\",\"target\":[\"https:\/\/www.proform-france.com\/fr\/societe\/philosophie\/\"]}]},{\"@type\":\"BreadcrumbList\",\"@id\":\"https:\/\/www.proform-france.com\/fr\/societe\/philosophie\/#breadcrumb\",\"itemListElement\":[{\"@type\":\"ListItem\",\"position\":1,\"name\":\"Accueil\",\"item\":\"https:\/\/www.proform-france.com\/fr\/home\/\"},{\"@type\":\"ListItem\",\"position\":2,\"name\":\"La soci\u00e9t\u00e9\",\"item\":\"https:\/\/www.proform-france.com\/fr\/societe\/\"},{\"@type\":\"ListItem\",\"position\":3,\"name\":\"Philosophie\"}]},{\"@type\":\"WebSite\",\"@id\":\"https:\/\/www.proform-france.com\/fr\/#website\",\"url\":\"https:\/\/www.proform-france.com\/fr\/\",\"name\":\"Proform France\",\"description\":\"Designing &amp; Building machinery and complete processing lines\",\"publisher\":{\"@id\":\"https:\/\/www.proform-france.com\/fr\/#organization\"},\"potentialAction\":[{\"@type\":\"SearchAction\",\"target\":{\"@type\":\"EntryPoint\",\"urlTemplate\":\"https:\/\/www.proform-france.com\/fr\/?s={search_term_string}\"},\"query-input\":\"required name=search_term_string\"}],\"inLanguage\":\"fr-FR\"},{\"@type\":\"Organization\",\"@id\":\"https:\/\/www.proform-france.com\/fr\/#organization\",\"name\":\"Proform France\",\"url\":\"https:\/\/www.proform-france.com\/fr\/\",\"logo\":{\"@type\":\"ImageObject\",\"inLanguage\":\"fr-FR\",\"@id\":\"https:\/\/www.proform-france.com\/fr\/#\/schema\/logo\/image\/\",\"url\":\"https:\/\/www.proform-france.com\/wp-content\/uploads\/2023\/07\/Logo_PROFORM-2.png\",\"contentUrl\":\"https:\/\/www.proform-france.com\/wp-content\/uploads\/2023\/07\/Logo_PROFORM-2.png\",\"width\":4068,\"height\":2000,\"caption\":\"Proform France\"},\"image\":{\"@id\":\"https:\/\/www.proform-france.com\/fr\/#\/schema\/logo\/image\/\"}}]}<\/script>\n<!-- \/ Yoast SEO plugin. -->","yoast_head_json":{"title":"Philosophie | Proform France","robots":{"index":"index","follow":"follow","max-snippet":"max-snippet:-1","max-image-preview":"max-image-preview:large","max-video-preview":"max-video-preview:-1"},"canonical":"https:\/\/www.proform-france.com\/fr\/societe\/philosophie\/","og_locale":"fr_FR","og_type":"article","og_title":"Philosophie | Proform France","og_description":"PHILOSOPHIE INNOVATION, QUALIT\u00c9, SERVICE Les machines et les lignes de productions PROFORM sont con\u00e7ues sp\u00e9cifiquement pour r\u00e9pondre \u00e0 vos besoins. PROFORM vous accompagne pour vous proposer une solution \u00ab cl\u00e9s en main \u00bb ; depuis l\u2019\u00e9tude de vos besoins jusqu\u2019\u00e0 la mise en service de votre ligne de production. Nos lignes de productions sont: Rationelles [&hellip;]","og_url":"https:\/\/www.proform-france.com\/fr\/societe\/philosophie\/","og_site_name":"Proform France","article_modified_time":"2023-06-29T15:21:23+00:00","og_image":[{"width":4068,"height":2000,"url":"https:\/\/www.proform-france.com\/wp-content\/uploads\/2023\/07\/Logo_PROFORM-2.png","type":"image\/png"}],"twitter_card":"summary_large_image","twitter_misc":{"Dur\u00e9e de lecture estim\u00e9e":"1 minute"},"schema":{"@context":"https:\/\/schema.org","@graph":[{"@type":"WebPage","@id":"https:\/\/www.proform-france.com\/fr\/societe\/philosophie\/","url":"https:\/\/www.proform-france.com\/fr\/societe\/philosophie\/","name":"Philosophie | Proform France","isPartOf":{"@id":"https:\/\/www.proform-france.com\/fr\/#website"},"datePublished":"2023-03-13T08:53:44+00:00","dateModified":"2023-06-29T15:21:23+00:00","breadcrumb":{"@id":"https:\/\/www.proform-france.com\/fr\/societe\/philosophie\/#breadcrumb"},"inLanguage":"fr-FR","potentialAction":[{"@type":"ReadAction","target":["https:\/\/www.proform-france.com\/fr\/societe\/philosophie\/"]}]},{"@type":"BreadcrumbList","@id":"https:\/\/www.proform-france.com\/fr\/societe\/philosophie\/#breadcrumb","itemListElement":[{"@type":"ListItem","position":1,"name":"Accueil","item":"https:\/\/www.proform-france.com\/fr\/home\/"},{"@type":"ListItem","position":2,"name":"La soci\u00e9t\u00e9","item":"https:\/\/www.proform-france.com\/fr\/societe\/"},{"@type":"ListItem","position":3,"name":"Philosophie"}]},{"@type":"WebSite","@id":"https:\/\/www.proform-france.com\/fr\/#website","url":"https:\/\/www.proform-france.com\/fr\/","name":"Proform France","description":"Designing &amp; Building machinery and complete processing lines","publisher":{"@id":"https:\/\/www.proform-france.com\/fr\/#organization"},"potentialAction":[{"@type":"SearchAction","target":{"@type":"EntryPoint","urlTemplate":"https:\/\/www.proform-france.com\/fr\/?s={search_term_string}"},"query-input":"required name=search_term_string"}],"inLanguage":"fr-FR"},{"@type":"Organization","@id":"https:\/\/www.proform-france.com\/fr\/#organization","name":"Proform France","url":"https:\/\/www.proform-france.com\/fr\/","logo":{"@type":"ImageObject","inLanguage":"fr-FR","@id":"https:\/\/www.proform-france.com\/fr\/#\/schema\/logo\/image\/","url":"https:\/\/www.proform-france.com\/wp-content\/uploads\/2023\/07\/Logo_PROFORM-2.png","contentUrl":"https:\/\/www.proform-france.com\/wp-content\/uploads\/2023\/07\/Logo_PROFORM-2.png","width":4068,"height":2000,"caption":"Proform France"},"image":{"@id":"https:\/\/www.proform-france.com\/fr\/#\/schema\/logo\/image\/"}}]}},"publishpress_future_action":{"enabled":false,"date":"1970-01-01 01:00:00","action":"","terms":[],"taxonomy":"","browser_timezone_offset":0},"_links":{"self":[{"href":"https:\/\/www.proform-france.com\/fr\/wp-json\/wp\/v2\/pages\/2351"}],"collection":[{"href":"https:\/\/www.proform-france.com\/fr\/wp-json\/wp\/v2\/pages"}],"about":[{"href":"https:\/\/www.proform-france.com\/fr\/wp-json\/wp\/v2\/types\/page"}],"author":[{"embeddable":true,"href":"https:\/\/www.proform-france.com\/fr\/wp-json\/wp\/v2\/users\/1"}],"replies":[{"embeddable":true,"href":"https:\/\/www.proform-france.com\/fr\/wp-json\/wp\/v2\/comments?post=2351"}],"version-history":[{"count":3,"href":"https:\/\/www.proform-france.com\/fr\/wp-json\/wp\/v2\/pages\/2351\/revisions"}],"predecessor-version":[{"id":2505,"href":"https:\/\/www.proform-france.com\/fr\/wp-json\/wp\/v2\/pages\/2351\/revisions\/2505"}],"up":[{"embeddable":true,"href":"https:\/\/www.proform-france.com\/fr\/wp-json\/wp\/v2\/pages\/2385"}],"wp:attachment":[{"href":"https:\/\/www.proform-france.com\/fr\/wp-json\/wp\/v2\/media?parent=2351"}],"curies":[{"name":"wp","href":"https:\/\/api.w.org\/{rel}","templated":true}]}}